{"id":404,"date":"2022-06-24T17:15:38","date_gmt":"2022-06-24T21:15:38","guid":{"rendered":"https:\/\/capitanmatthew.com\/?post_type=product&#038;p=404"},"modified":"2022-06-26T17:12:54","modified_gmt":"2022-06-26T21:12:54","slug":"camaron","status":"publish","type":"product","link":"https:\/\/capitanmatthew.com\/en\/product\/camaron\/","title":{"rendered":"Precooked Shrimp"},"content":{"rendered":"<div>El\u00a0<b>camar\u00f3n<\/b>\u00a0es un alimento de origen animal, propio de la naturaleza, ya que no est\u00e1n industrializados ni procesados. Pertenecen al grupo de las prote\u00ednas, debido a que es el nutriente que m\u00e1s prevalece. Adem\u00e1s, contienen vitaminas, minerales (sodio, potasio) y poca grasa.<\/div>\n<div><\/div>\n<h3 align=\"left\"><\/h3>\n<h3 align=\"left\">INFORMACI\u00d3N NUTRICIONAL<\/h3>\n<div class=\"chico\" align=\"left\">Cada 100g de porci\u00f3n comestible<\/div>\n<p>&nbsp;<\/p>\n<table class=\"aligncenter\" width=\"270\">\n<tbody>\n<tr>\n<td width=\"170\"><strong>Calor\u00edas:<\/strong><\/td>\n<td><strong>82 Kcal<\/strong><\/td>\n<\/tr>\n<tr>\n<td><strong>Proteinas:<\/strong><\/td>\n<td><strong>17.6 g<\/strong><\/td>\n<\/tr>\n<tr>\n<td><strong>Grasas Totales:<\/strong><\/td>\n<td><strong>0.6 g<\/strong><\/td>\n<\/tr>\n<tr>\n<td><strong>\u00a0\u00a0\u00a0\u00a0\u00a0\u00a0\u00a0Saturadas:<\/strong><\/td>\n<td><strong>0.1 g<\/strong><\/td>\n<\/tr>\n<tr>\n<td><strong>\u00a0\u00a0\u00a0\u00a0\u00a0\u00a0\u00a0Insaturadas:<\/strong><\/td>\n<td><strong>0.5 g<\/strong><\/td>\n<\/tr>\n<tr>\n<td><strong>\u00a0\u00a0\u00a0\u00a0\u00a0\u00a0\u00a0Trans:<\/strong><\/td>\n<td><strong>0 g<\/strong><\/td>\n<\/tr>\n<tr>\n<td><strong>Carbohidratos:<\/strong><\/td>\n<td><strong>1.5 g<\/strong><\/td>\n<\/tr>\n<tr>\n<td><strong>Azucares Simples:<\/strong><\/td>\n<td><strong>0 g<\/strong><\/td>\n<\/tr>\n<tr>\n<td><strong>Fibra:<\/strong><\/td>\n<td><strong>0 g<\/strong><\/td>\n<\/tr>\n<tr>\n<td><strong>Sodio:<\/strong><\/td>\n<td><strong>190 m<\/strong><\/td>\n<\/tr>\n<\/tbody>\n<\/table>","protected":false},"excerpt":{"rendered":"<p>El\u00a0camar\u00f3n\u00a0es un alimento de origen animal, propio de la naturaleza, ya que no est\u00e1n industrializados ni procesados. Pertenecen al grupo&#8230;<\/p>","protected":false},"featured_media":411,"comment_status":"open","ping_status":"closed","template":"","meta":{"rank_math_lock_modified_date":false},"product_brand":[],"product_cat":[22],"product_tag":[],"class_list":{"0":"post-404","1":"product","2":"type-product","3":"status-publish","4":"has-post-thumbnail","6":"product_cat-camaron","8":"first","9":"instock","10":"shipping-taxable","11":"purchasable","12":"product-type-variable"},"_links":{"self":[{"href":"https:\/\/capitanmatthew.com\/en\/wp-json\/wp\/v2\/product\/404","targetHints":{"allow":["GET"]}}],"collection":[{"href":"https:\/\/capitanmatthew.com\/en\/wp-json\/wp\/v2\/product"}],"about":[{"href":"https:\/\/capitanmatthew.com\/en\/wp-json\/wp\/v2\/types\/product"}],"replies":[{"embeddable":true,"href":"https:\/\/capitanmatthew.com\/en\/wp-json\/wp\/v2\/comments?post=404"}],"wp:featuredmedia":[{"embeddable":true,"href":"https:\/\/capitanmatthew.com\/en\/wp-json\/wp\/v2\/media\/411"}],"wp:attachment":[{"href":"https:\/\/capitanmatthew.com\/en\/wp-json\/wp\/v2\/media?parent=404"}],"wp:term":[{"taxonomy":"product_brand","embeddable":true,"href":"https:\/\/capitanmatthew.com\/en\/wp-json\/wp\/v2\/product_brand?post=404"},{"taxonomy":"product_cat","embeddable":true,"href":"https:\/\/capitanmatthew.com\/en\/wp-json\/wp\/v2\/product_cat?post=404"},{"taxonomy":"product_tag","embeddable":true,"href":"https:\/\/capitanmatthew.com\/en\/wp-json\/wp\/v2\/product_tag?post=404"}],"curies":[{"name":"wp","href":"https:\/\/api.w.org\/{rel}","templated":true}]}}