{"id":425,"date":"2022-06-26T19:46:46","date_gmt":"2022-06-26T23:46:46","guid":{"rendered":"https:\/\/capitanmatthew.com\/?post_type=product&#038;p=425"},"modified":"2025-11-15T07:16:52","modified_gmt":"2025-11-15T11:16:52","slug":"churrasco-de-corvina-200gr-a-400gr","status":"publish","type":"product","link":"https:\/\/capitanmatthew.com\/en\/product\/churrasco-de-corvina-200gr-a-400gr\/","title":{"rendered":"SEA BASS CHURRASCO \n7 OZ TO 14 OZ"},"content":{"rendered":"<div>La\u00a0<b>corvina<\/b>\u00a0es un alimento de origen animal, propio de la naturaleza, ya que no est\u00e1 procesado ni industrializado. Pertenece al grupo de las prote\u00ednas, debido a que es el nutriente que m\u00e1s prevalece. Adem\u00e1s, contiene vitaminas, minerales y poca grasa.<\/div>\n<div><\/div>\n<div>Es una gran fuente de prote\u00ednas de alto valor biol\u00f3gico, con todos los amino\u00e1cidos esenciales, cruciales para el organismo, para todo tipo de construcci\u00f3n, regeneraci\u00f3n y\/o crecimiento de cada c\u00e9lula del cuerpo, desde el ADN, hasta el pelo, piel, u\u00f1as, \u00f3rganos, neurotransmisores, masa muscular, etc.<\/div>\n<div><\/div>\n<div>\n<div>Tiene grasas insaturadas, siendo la fuente principal los \u00e1cidos grasos Omega 3 de cadena larga, que previenen varias enfermedades como las cardiovasculares, degenerativas, el c\u00e1ncer, enfermedades inflamatorias, intestinales, artritis. Adem\u00e1s, son muy importantes para el desarrollo \u00f3ptimo del cerebro y sistema nervioso del beb\u00e9.<\/div>\n<div><\/div>\n<div>Se recomienda consumir pescados magros al menos 2 veces por semana.<\/div>\n<\/div>\n<div class=\"chico\" style=\"text-align: center;\" align=\"left\"><\/div>\n<h3 align=\"left\">INFORMACI\u00d3N NUTRICIONAL<\/h3>\n<div class=\"chico\" align=\"left\">Cada 100g de porci\u00f3n comestible<\/div>\n<table width=\"270\">\n<tbody>\n<tr>\n<td width=\"170\">Calor\u00edas:<\/td>\n<td>82 Kcal<\/td>\n<\/tr>\n<tr>\n<td>Proteinas:<\/td>\n<td>18 g<\/td>\n<\/tr>\n<tr>\n<td>Grasas Totales:<\/td>\n<td>1 g<\/td>\n<\/tr>\n<tr>\n<td>\u00a0\u00a0\u00a0\u00a0\u00a0\u00a0\u00a0Saturadas:<\/td>\n<td>0 g<\/td>\n<\/tr>\n<tr>\n<td>\u00a0\u00a0\u00a0\u00a0\u00a0\u00a0\u00a0Insaturadas:<\/td>\n<td>1 g<\/td>\n<\/tr>\n<tr>\n<td>\u00a0\u00a0\u00a0\u00a0\u00a0\u00a0\u00a0Trans:<\/td>\n<td>0 g<\/td>\n<\/tr>\n<tr>\n<td>Carbohidratos:<\/td>\n<td>0 g<\/td>\n<\/tr>\n<tr>\n<td>Azucares Simples:<\/td>\n<td>0 g<\/td>\n<\/tr>\n<tr>\n<td>Fibra:<\/td>\n<td>0 g<\/td>\n<\/tr>\n<tr>\n<td>Sodio:<\/td>\n<td>87 mg<\/td>\n<\/tr>\n<\/tbody>\n<\/table>","protected":false},"excerpt":{"rendered":"<p>La\u00a0corvina\u00a0es un alimento de origen animal, propio de la naturaleza, ya que no est\u00e1 procesado ni industrializado. Pertenece al grupo&#8230;<\/p>","protected":false},"featured_media":426,"comment_status":"open","ping_status":"closed","template":"","meta":{"rank_math_lock_modified_date":false},"product_brand":[],"product_cat":[15],"product_tag":[35],"class_list":{"0":"post-425","1":"product","2":"type-product","3":"status-publish","4":"has-post-thumbnail","6":"product_cat-sin-categorizar","7":"product_tag-churrasco","9":"first","10":"instock","11":"shipping-taxable","12":"purchasable","13":"product-type-simple"},"_links":{"self":[{"href":"https:\/\/capitanmatthew.com\/en\/wp-json\/wp\/v2\/product\/425","targetHints":{"allow":["GET"]}}],"collection":[{"href":"https:\/\/capitanmatthew.com\/en\/wp-json\/wp\/v2\/product"}],"about":[{"href":"https:\/\/capitanmatthew.com\/en\/wp-json\/wp\/v2\/types\/product"}],"replies":[{"embeddable":true,"href":"https:\/\/capitanmatthew.com\/en\/wp-json\/wp\/v2\/comments?post=425"}],"wp:featuredmedia":[{"embeddable":true,"href":"https:\/\/capitanmatthew.com\/en\/wp-json\/wp\/v2\/media\/426"}],"wp:attachment":[{"href":"https:\/\/capitanmatthew.com\/en\/wp-json\/wp\/v2\/media?parent=425"}],"wp:term":[{"taxonomy":"product_brand","embeddable":true,"href":"https:\/\/capitanmatthew.com\/en\/wp-json\/wp\/v2\/product_brand?post=425"},{"taxonomy":"product_cat","embeddable":true,"href":"https:\/\/capitanmatthew.com\/en\/wp-json\/wp\/v2\/product_cat?post=425"},{"taxonomy":"product_tag","embeddable":true,"href":"https:\/\/capitanmatthew.com\/en\/wp-json\/wp\/v2\/product_tag?post=425"}],"curies":[{"name":"wp","href":"https:\/\/api.w.org\/{rel}","templated":true}]}}