{"id":427,"date":"2022-06-26T19:50:41","date_gmt":"2022-06-26T23:50:41","guid":{"rendered":"https:\/\/capitanmatthew.com\/?post_type=product&#038;p=427"},"modified":"2026-02-12T07:12:02","modified_gmt":"2026-02-12T11:12:02","slug":"churrasco-de-mero-200gr-a-400gr-mero","status":"publish","type":"product","link":"https:\/\/capitanmatthew.com\/en\/product\/churrasco-de-mero-200gr-a-400gr-mero\/","title":{"rendered":"CHURRASCO OF GROUPER \n7 OZ TO 14 OZ"},"content":{"rendered":"<div>El\u00a0<b>mero<\/b>\u00a0es un alimento de origen animal, propio de la naturaleza, ya que no est\u00e1 procesado ni industrializado. Pertenece al grupo de las prote\u00ednas, debido a que es el nutriente que m\u00e1s prevalece. Adem\u00e1s, contiene vitaminas (A), minerales (calcio, potasio) y poca grasa.<\/div>\n<div><\/div>\n<div>Es una gran fuente de prote\u00ednas de alto valor biol\u00f3gico, con todos los amino\u00e1cidos esenciales, cruciales para el organismo para todo tipo de construcci\u00f3n, regeneraci\u00f3n y\/o crecimiento de cada c\u00e9lula del cuerpo, desde el ADN, hasta el pelo, piel, u\u00f1as, \u00f3rganos, neurotransmisores, masa muscular, etc.<\/div>\n<div>Se recomienda consumir pescados magros al menos 2 veces por semana.<\/div>\n<h3 align=\"left\">INFORMACI\u00d3N NUTRICIONAL<\/h3>\n<div class=\"chico\" align=\"left\">Cada 100g de porci\u00f3n comestible<\/div>\n<p>&nbsp;<\/p>\n<table width=\"270\">\n<tbody>\n<tr>\n<td width=\"170\">Calor\u00edas:<\/td>\n<td>70 Kcal<\/td>\n<\/tr>\n<tr>\n<td>Proteinas:<\/td>\n<td>16 g<\/td>\n<\/tr>\n<tr>\n<td>Grasas Totales:<\/td>\n<td>1 g<\/td>\n<\/tr>\n<tr>\n<td>\u00a0\u00a0\u00a0\u00a0\u00a0\u00a0\u00a0Saturadas:<\/td>\n<td>0 g<\/td>\n<\/tr>\n<tr>\n<td>\u00a0\u00a0\u00a0\u00a0\u00a0\u00a0\u00a0Insaturadas:<\/td>\n<td>0 g<\/td>\n<\/tr>\n<tr>\n<td>\u00a0\u00a0\u00a0\u00a0\u00a0\u00a0\u00a0Trans:<\/td>\n<td>0 g<\/td>\n<\/tr>\n<tr>\n<td>Carbohidratos:<\/td>\n<td>0 g<\/td>\n<\/tr>\n<tr>\n<td>Azucares Simples:<\/td>\n<td>0 g<\/td>\n<\/tr>\n<tr>\n<td>Fibra:<\/td>\n<td>0 g<\/td>\n<\/tr>\n<tr>\n<td>Sodio:<\/td>\n<td>80 mg<\/td>\n<\/tr>\n<\/tbody>\n<\/table>","protected":false},"excerpt":{"rendered":"<p>El\u00a0mero\u00a0es un alimento de origen animal, propio de la naturaleza, ya que no est\u00e1 procesado ni industrializado. Pertenece al grupo&#8230;<\/p>","protected":false},"featured_media":428,"comment_status":"open","ping_status":"closed","template":"","meta":{"rank_math_lock_modified_date":false},"product_brand":[],"product_cat":[32],"product_tag":[35],"class_list":{"0":"post-427","1":"product","2":"type-product","3":"status-publish","4":"has-post-thumbnail","6":"product_cat-mero","7":"product_tag-churrasco","9":"first","10":"instock","11":"shipping-taxable","12":"purchasable","13":"product-type-simple"},"_links":{"self":[{"href":"https:\/\/capitanmatthew.com\/en\/wp-json\/wp\/v2\/product\/427","targetHints":{"allow":["GET"]}}],"collection":[{"href":"https:\/\/capitanmatthew.com\/en\/wp-json\/wp\/v2\/product"}],"about":[{"href":"https:\/\/capitanmatthew.com\/en\/wp-json\/wp\/v2\/types\/product"}],"replies":[{"embeddable":true,"href":"https:\/\/capitanmatthew.com\/en\/wp-json\/wp\/v2\/comments?post=427"}],"wp:featuredmedia":[{"embeddable":true,"href":"https:\/\/capitanmatthew.com\/en\/wp-json\/wp\/v2\/media\/428"}],"wp:attachment":[{"href":"https:\/\/capitanmatthew.com\/en\/wp-json\/wp\/v2\/media?parent=427"}],"wp:term":[{"taxonomy":"product_brand","embeddable":true,"href":"https:\/\/capitanmatthew.com\/en\/wp-json\/wp\/v2\/product_brand?post=427"},{"taxonomy":"product_cat","embeddable":true,"href":"https:\/\/capitanmatthew.com\/en\/wp-json\/wp\/v2\/product_cat?post=427"},{"taxonomy":"product_tag","embeddable":true,"href":"https:\/\/capitanmatthew.com\/en\/wp-json\/wp\/v2\/product_tag?post=427"}],"curies":[{"name":"wp","href":"https:\/\/api.w.org\/{rel}","templated":true}]}}