{"id":429,"date":"2022-06-26T19:53:24","date_gmt":"2022-06-26T23:53:24","guid":{"rendered":"https:\/\/capitanmatthew.com\/?post_type=product&#038;p=429"},"modified":"2026-02-12T07:12:28","modified_gmt":"2026-02-12T11:12:28","slug":"churrasco-de-pargo-rojo-200gr-a-400gr","status":"publish","type":"product","link":"https:\/\/capitanmatthew.com\/en\/product\/churrasco-de-pargo-rojo-200gr-a-400gr\/","title":{"rendered":"CHURRASCO DE PARGO ROJO 200GR A 400GR"},"content":{"rendered":"<p align=\"left\">El pargo rojo es uno de los pescados blancos m\u00e1s populares. Se encuentra naturalmente en todo el mundo y la mayor\u00eda de las cosechas de pescado provienen del Golfo de M\u00e9xico e Indonesia. El pargo rojo tiene una textura firme y un sabor dulce a nuez.que se adapta bien a todo, desde chiles picantes hasta hierbas sutiles. El pargo rojo entero se puede asar, asar a la parrilla, fre\u00edr, cocinar al vapor, hornear o fre\u00edr. Los filetes se pueden fre\u00edr o al vapor.en guiso de pescado, como cioppino.<\/p>\n<h3 align=\"left\">INFORMACI\u00d3N NUTRICIONAL<\/h3>\n<div class=\"chico\" align=\"left\">Cada 100g de porci\u00f3n comestible<\/div>\n<p>&nbsp;<\/p>\n<table width=\"270\">\n<tbody>\n<tr>\n<td width=\"170\">Calor\u00edas:<\/td>\n<td>100\u00a0Kcal<\/td>\n<\/tr>\n<tr>\n<td>Proteinas:<\/td>\n<td>20,51g<\/td>\n<\/tr>\n<tr>\n<td>Grasas Totales:<\/td>\n<td>1 g<\/td>\n<\/tr>\n<tr>\n<td>\u00a0\u00a0\u00a0\u00a0\u00a0\u00a0\u00a0Saturadas:<\/td>\n<td>0,285 g<\/td>\n<\/tr>\n<tr>\n<td>\u00a0 \u00a0 \u00a0 Poliinsaturada:<\/td>\n<td>\n<div class=\"nutrient right tRight\">0,459g<\/div>\n<\/td>\n<\/tr>\n<tr>\n<td>\u00a0 \u00a0 \u00a0 Monoinsaturada:<\/td>\n<td>0,251g<\/td>\n<\/tr>\n<tr>\n<td>Carbohidratos:<\/td>\n<td>0 g<\/td>\n<\/tr>\n<tr>\n<td>Azucares Simples:<\/td>\n<td>0 g<\/td>\n<\/tr>\n<tr>\n<td>Fibra:<\/td>\n<td>0 g<\/td>\n<\/tr>\n<tr>\n<td>Sodio:<\/td>\n<td>64 mg<\/td>\n<\/tr>\n<\/tbody>\n<\/table>","protected":false},"excerpt":{"rendered":"<p>El pargo rojo es uno de los pescados blancos m\u00e1s populares. Se encuentra naturalmente en todo el mundo y la&#8230;<\/p>","protected":false},"featured_media":419,"comment_status":"open","ping_status":"closed","template":"","meta":{"rank_math_lock_modified_date":false},"product_brand":[],"product_cat":[33],"product_tag":[35],"class_list":{"0":"post-429","1":"product","2":"type-product","3":"status-publish","4":"has-post-thumbnail","6":"product_cat-pargo-rojo","7":"product_tag-churrasco","9":"first","10":"instock","11":"shipping-taxable","12":"purchasable","13":"product-type-simple"},"_links":{"self":[{"href":"https:\/\/capitanmatthew.com\/en\/wp-json\/wp\/v2\/product\/429","targetHints":{"allow":["GET"]}}],"collection":[{"href":"https:\/\/capitanmatthew.com\/en\/wp-json\/wp\/v2\/product"}],"about":[{"href":"https:\/\/capitanmatthew.com\/en\/wp-json\/wp\/v2\/types\/product"}],"replies":[{"embeddable":true,"href":"https:\/\/capitanmatthew.com\/en\/wp-json\/wp\/v2\/comments?post=429"}],"wp:featuredmedia":[{"embeddable":true,"href":"https:\/\/capitanmatthew.com\/en\/wp-json\/wp\/v2\/media\/419"}],"wp:attachment":[{"href":"https:\/\/capitanmatthew.com\/en\/wp-json\/wp\/v2\/media?parent=429"}],"wp:term":[{"taxonomy":"product_brand","embeddable":true,"href":"https:\/\/capitanmatthew.com\/en\/wp-json\/wp\/v2\/product_brand?post=429"},{"taxonomy":"product_cat","embeddable":true,"href":"https:\/\/capitanmatthew.com\/en\/wp-json\/wp\/v2\/product_cat?post=429"},{"taxonomy":"product_tag","embeddable":true,"href":"https:\/\/capitanmatthew.com\/en\/wp-json\/wp\/v2\/product_tag?post=429"}],"curies":[{"name":"wp","href":"https:\/\/api.w.org\/{rel}","templated":true}]}}