{"id":432,"date":"2022-06-26T20:03:17","date_gmt":"2022-06-27T00:03:17","guid":{"rendered":"https:\/\/capitanmatthew.com\/?post_type=product&#038;p=432"},"modified":"2026-02-12T07:13:03","modified_gmt":"2026-02-12T11:13:03","slug":"ruedas-iqf-corvina","status":"publish","type":"product","link":"https:\/\/capitanmatthew.com\/en\/product\/ruedas-iqf-corvina\/","title":{"rendered":"RUEDAS (IQF) CARITE"},"content":{"rendered":"<div>El <b>carite <\/b>\u00a0es un pescado, alimento propio de la naturaleza, ya que no est\u00e1 procesado ni industrializado. Pertenece al grupo de las prote\u00ednas, debido a que es el nutriente que m\u00e1s prevalece. Adem\u00e1s, contiene vitaminas, minerales y mucha grasa.<\/div>\n<div><\/div>\n<div>Es una gran fuente de prote\u00ednas de alto valor biol\u00f3gico y de f\u00e1cil digesti\u00f3n, con todos los amino\u00e1cidos esenciales, cruciales para el organismo para todo tipo de construcci\u00f3n, regeneraci\u00f3n y\/o crecimiento de cada c\u00e9lula del cuerpo, desde el ADN, hasta el pelo, piel, u\u00f1as, \u00f3rganos, neurotransmisores, masa muscular, etc.<\/div>\n<div><\/div>\n<div>Tiene un alto contenido de grasas insaturadas, siendo la fuente principal los \u00e1cidos grasos Omega 3. Estos presentan funciones indispensables y est\u00e1n involucrados en la prevenci\u00f3n de varias enfermedades como las cardiovasculares, degenerativas, el c\u00e1ncer, enfermedades inflamatorias, intestinales, artritis. Adem\u00e1s, son muy importantes en etapas de desarrollo, como en el embarazo, para el desarrollo \u00f3ptimo del cerebro y sistema nervioso del feto.<\/div>\n<div>\n<h3 align=\"left\">INFORMACI\u00d3N NUTRICIONAL<\/h3>\n<div class=\"chico\" align=\"left\">Cada 100g de porci\u00f3n comestible<\/div>\n<table width=\"270\">\n<tbody>\n<tr>\n<td width=\"170\">Calor\u00edas:<\/td>\n<td>182 Kcal<\/td>\n<\/tr>\n<tr>\n<td>Proteinas:<\/td>\n<td>19 g<\/td>\n<\/tr>\n<tr>\n<td>Grasas Totales:<\/td>\n<td>12 g<\/td>\n<\/tr>\n<tr>\n<td>\u00a0\u00a0\u00a0\u00a0\u00a0\u00a0\u00a0Saturadas:<\/td>\n<td>3 g<\/td>\n<\/tr>\n<tr>\n<td>\u00a0\u00a0\u00a0\u00a0\u00a0\u00a0\u00a0Insaturadas:<\/td>\n<td>5 g<\/td>\n<\/tr>\n<tr>\n<td>\u00a0\u00a0\u00a0\u00a0\u00a0\u00a0\u00a0Trans:<\/td>\n<td>0 g<\/td>\n<\/tr>\n<tr>\n<td>Carbohidratos:<\/td>\n<td>0 g<\/td>\n<\/tr>\n<tr>\n<td>Azucares Simples:<\/td>\n<td>0 g<\/td>\n<\/tr>\n<tr>\n<td>Fibra:<\/td>\n<td>0 g<\/td>\n<\/tr>\n<tr>\n<td>Sodio:<\/td>\n<td>84 mg<\/td>\n<\/tr>\n<\/tbody>\n<\/table>\n<\/div>","protected":false},"excerpt":{"rendered":"<p>El carite \u00a0es un pescado, alimento propio de la naturaleza, ya que no est\u00e1 procesado ni industrializado. Pertenece al grupo&#8230;<\/p>","protected":false},"featured_media":433,"comment_status":"open","ping_status":"closed","template":"","meta":{"rank_math_lock_modified_date":false},"product_brand":[],"product_cat":[36],"product_tag":[37],"class_list":{"0":"post-432","1":"product","2":"type-product","3":"status-publish","4":"has-post-thumbnail","6":"product_cat-carite","7":"product_tag-rueda","9":"first","10":"instock","11":"shipping-taxable","12":"purchasable","13":"product-type-simple"},"_links":{"self":[{"href":"https:\/\/capitanmatthew.com\/en\/wp-json\/wp\/v2\/product\/432","targetHints":{"allow":["GET"]}}],"collection":[{"href":"https:\/\/capitanmatthew.com\/en\/wp-json\/wp\/v2\/product"}],"about":[{"href":"https:\/\/capitanmatthew.com\/en\/wp-json\/wp\/v2\/types\/product"}],"replies":[{"embeddable":true,"href":"https:\/\/capitanmatthew.com\/en\/wp-json\/wp\/v2\/comments?post=432"}],"wp:featuredmedia":[{"embeddable":true,"href":"https:\/\/capitanmatthew.com\/en\/wp-json\/wp\/v2\/media\/433"}],"wp:attachment":[{"href":"https:\/\/capitanmatthew.com\/en\/wp-json\/wp\/v2\/media?parent=432"}],"wp:term":[{"taxonomy":"product_brand","embeddable":true,"href":"https:\/\/capitanmatthew.com\/en\/wp-json\/wp\/v2\/product_brand?post=432"},{"taxonomy":"product_cat","embeddable":true,"href":"https:\/\/capitanmatthew.com\/en\/wp-json\/wp\/v2\/product_cat?post=432"},{"taxonomy":"product_tag","embeddable":true,"href":"https:\/\/capitanmatthew.com\/en\/wp-json\/wp\/v2\/product_tag?post=432"}],"curies":[{"name":"wp","href":"https:\/\/api.w.org\/{rel}","templated":true}]}}